{"id":10,"date":"2007-02-16T11:54:44","date_gmt":"2007-02-16T14:54:44","guid":{"rendered":"http:\/\/cosiis.com\/blog\/index.php\/about\/"},"modified":"2007-02-16T11:54:44","modified_gmt":"2007-02-16T14:54:44","slug":"about","status":"publish","type":"page","link":"http:\/\/cosiis.com\/blog\/about","title":{"rendered":"Acerca de &#8230;"},"content":{"rendered":"<p><img decoding=\"async\" src=\"http:\/\/cosiis.com\/blog\/wp-content\/uploads\/2007\/04\/pablo.jpg\" alt=\"pablo.jpg\" \/><\/p>\n<p>El objetivo de este sitio es tratar de brindar informaci\u00f3n sobre tecnolog\u00eda.<\/p>\n<p>Soy Ingeniero Electr\u00f3nico, pero el trabajo me llevo lentamente hacia el \u00e1rea de sistemas. Comenc\u00e9 desarrollando programas para microcontroladores y luego segu\u00ed con aplicaciones en C y C++. Paulatinamente me fui involucrando en IT, administrando, dise\u00f1ando o configurando una amplia variedad de dispositivos y servicios. Participe en un gran n\u00famero de proyectos, ya sea como desarrollador o especialista en tecnolog\u00eda, lo cual me dio un panorama de las necesidades que se presentan en forma cotidiana en la vida profesional. Trato de asistir a la mayor\u00eda de los eventos y seminarios ya que es una forma de compartir experiencias y encontrar gente con las mismas inquietudes. Desde hace varios a\u00f1os estoy volcado de lleno a la seguridad inform\u00e1tica y a la investigaci\u00f3n de nuevas tecnolog\u00edas en diversas plataformas.<\/p>\n<p>Espero que encuentren \u00fatil esta p\u00e1gina.<\/p>\n<p><strong>Pablo Caceres<\/strong><\/p>\n<p>pablo#at#cosiis#dot#com<\/p>\n","protected":false},"excerpt":{"rendered":"<p>El objetivo de este sitio es tratar de brindar informaci\u00f3n sobre tecnolog\u00eda. Soy Ingeniero Electr\u00f3nico, pero el trabajo me llevo lentamente hacia el \u00e1rea de sistemas. Comenc\u00e9 desarrollando programas para microcontroladores y luego segu\u00ed con aplicaciones en C y C++. <a class=\"more-link\" href=\"http:\/\/cosiis.com\/blog\/about\">Continue reading <span class=\"screen-reader-text\">  Acerca de &#8230;<\/span><span class=\"meta-nav\">&rarr;<\/span><\/a><\/p>\n","protected":false},"author":2,"featured_media":0,"parent":0,"menu_order":3,"comment_status":"closed","ping_status":"closed","template":"","meta":{"footnotes":""},"class_list":["post-10","page","type-page","status-publish","hentry"],"_links":{"self":[{"href":"http:\/\/cosiis.com\/blog\/wp-json\/wp\/v2\/pages\/10","targetHints":{"allow":["GET"]}}],"collection":[{"href":"http:\/\/cosiis.com\/blog\/wp-json\/wp\/v2\/pages"}],"about":[{"href":"http:\/\/cosiis.com\/blog\/wp-json\/wp\/v2\/types\/page"}],"author":[{"embeddable":true,"href":"http:\/\/cosiis.com\/blog\/wp-json\/wp\/v2\/users\/2"}],"replies":[{"embeddable":true,"href":"http:\/\/cosiis.com\/blog\/wp-json\/wp\/v2\/comments?post=10"}],"version-history":[{"count":0,"href":"http:\/\/cosiis.com\/blog\/wp-json\/wp\/v2\/pages\/10\/revisions"}],"wp:attachment":[{"href":"http:\/\/cosiis.com\/blog\/wp-json\/wp\/v2\/media?parent=10"}],"curies":[{"name":"wp","href":"https:\/\/api.w.org\/{rel}","templated":true}]}}